{"id":7,"date":"2025-07-08T18:50:14","date_gmt":"2025-07-08T18:50:14","guid":{"rendered":"https:\/\/www.integraion.hu\/?page_id=7"},"modified":"2025-07-16T18:08:49","modified_gmt":"2025-07-16T18:08:49","slug":"home","status":"publish","type":"page","link":"https:\/\/www.integraion.hu\/","title":{"rendered":"F\u0151oldal"},"content":{"rendered":"\n<div class=\"wp-block-cover alignfull\" style=\"min-height:700px;aspect-ratio:unset;\"><span aria-hidden=\"true\" class=\"wp-block-cover__background has-background-dim-100 has-background-dim has-background-gradient\" style=\"background:linear-gradient(143deg,rgb(132,63,184) 1%,rgb(139,115,255) 45%,rgb(130,4,255) 76%,rgb(224,161,255) 100%)\"><\/span><div class=\"wp-block-cover__inner-container is-layout-flow wp-block-cover-is-layout-flow\">\n<div class=\"wp-block-group alignwide is-vertical is-layout-flex wp-container-core-group-is-layout-fe9cc265 wp-block-group-is-layout-flex\" style=\"min-height:0px\">\n<div class=\"wp-block-group alignwide is-layout-constrained wp-block-group-is-layout-constrained\">\n<div class=\"wp-block-media-text alignwide has-media-on-the-right is-stacked-on-mobile is-vertically-aligned-center @media (max-width: 900px) { .tablet-stack display: flex; flex-direction: column !important; }\" style=\"padding-top:var(--wp--preset--spacing--80)\"><div class=\"wp-block-media-text__content\">\n<h1 class=\"wp-block-heading has-text-align-center has-white-color has-text-color\" style=\"padding-top:var(--wp--preset--spacing--30);padding-bottom:var(--wp--preset--spacing--30);font-size:50px;line-height:1.3\">Make IT Smart<\/h1>\n\n\n\n<p class=\"has-text-align-center has-white-color has-text-color\" style=\"padding-bottom:var(--wp--preset--spacing--40)\">AI Automatiz\u00e1ci\u00f3, optimaliz\u00e1ci\u00f3 \u00e9s digit\u00e1lis innov\u00e1ci\u00f3<br>a hat\u00e9konyabb m\u0171k\u00f6d\u00e9s\u00e9rt <\/p>\n\n\n\n<div class=\"wp-block-buttons is-content-justification-center is-layout-flex wp-container-core-buttons-is-layout-a89b3969 wp-block-buttons-is-layout-flex\">\n<div class=\"wp-block-button has-custom-width wp-block-button__width-75 is-style-fill\"><a class=\"wp-block-button__link has-ast-global-color-7-background-color has-background wp-element-button\" href=\"#mivel_foglalkozunk\">Tudjon meg t\u00f6bbet<\/a><\/div>\n<\/div>\n<\/div><figure class=\"wp-block-media-text__media\"><img fetchpriority=\"high\" decoding=\"async\" width=\"1024\" height=\"683\" src=\"https:\/\/www.integraion.hu\/wp-content\/uploads\/2025\/07\/Hero-section-kep-1024x683.webp\" alt=\"Make IT Smart\" class=\"wp-image-177 size-full\" srcset=\"https:\/\/www.integraion.hu\/wp-content\/uploads\/2025\/07\/Hero-section-kep-1024x683.webp 1024w, https:\/\/www.integraion.hu\/wp-content\/uploads\/2025\/07\/Hero-section-kep-300x200.webp 300w, https:\/\/www.integraion.hu\/wp-content\/uploads\/2025\/07\/Hero-section-kep-768x512.webp 768w, https:\/\/www.integraion.hu\/wp-content\/uploads\/2025\/07\/Hero-section-kep.webp 1536w\" sizes=\"(max-width: 1024px) 100vw, 1024px\" \/><\/figure><\/div>\n<\/div>\n<\/div>\n<\/div><\/div>\n\n\n\n<div class=\"wp-block-group alignfull has-ast-global-color-5-background-color has-background is-layout-constrained wp-container-core-group-is-layout-46049048 wp-block-group-is-layout-constrained\" id=\"about\" style=\"padding-top:143px;padding-bottom:144px\">\n<div class=\"wp-block-media-text has-media-on-the-right is-stacked-on-mobile is-vertically-aligned-center is-image-fill-element has-medium-font-size\" style=\"padding-top:var(--wp--preset--spacing--40);padding-right:0;padding-bottom:var(--wp--preset--spacing--40);padding-left:0;grid-template-columns:auto 34%\"><div class=\"wp-block-media-text__content\">\n<div class=\"wp-block-group is-layout-constrained wp-container-core-group-is-layout-486bf6fb wp-block-group-is-layout-constrained\" style=\"padding-right:0px\">\n<h2 class=\"wp-block-heading alignwide has-text-align-center\" id=\"mivel_foglalkozunk\" style=\"padding-top:var(--wp--preset--spacing--60);padding-right:0px;padding-bottom:var(--wp--preset--spacing--70);padding-left:0;font-size:38px\">\n  Mivel Foglalkozunk?\n<\/h2>\n<\/div>\n\n\n\n<p class=\"has-text-align-center\" style=\"padding-top:0;padding-right:0;padding-bottom:0;padding-left:0;font-size:20px\">Mesters\u00e9ges intelligenci\u00e1val t\u00e1mogatott megold\u00e1sokat hozunk l\u00e9tre, amik gyorsabb\u00e1 \u00e9s hat\u00e9konyabb\u00e1 teszik a mindennapi m\u0171k\u00f6d\u00e9st.<\/p>\n\n\n\n<div class=\"wp-block-group is-layout-constrained wp-container-core-group-is-layout-486bf6fb wp-block-group-is-layout-constrained\" style=\"padding-right:0px\">\n<p class=\"has-text-align-center\" style=\"font-size:22px\">Elemezz\u00fck a v\u00e1llalati folyamatokat \u00e9s szem\u00e9lyreszabott AI megold\u00e1sokat k\u00e9sz\u00edtve, hozz\u00e1illetsztve a v\u00e1llalat megl\u00e9v\u0151 szoftvereihez \u00e9s m\u0171k\u00f6d\u00e9s\u00e9vel kieg\u00e9sz\u00edtve azt.<\/p>\n<\/div>\n<\/div><figure class=\"wp-block-media-text__media\"><img decoding=\"async\" width=\"1024\" height=\"1024\" src=\"https:\/\/www.integraion.hu\/wp-content\/uploads\/2025\/07\/Ai-kez.webp\" alt=\"Make IT Smart\" class=\"wp-image-178 size-full\" style=\"object-position:50% 50%\" srcset=\"https:\/\/www.integraion.hu\/wp-content\/uploads\/2025\/07\/Ai-kez.webp 1024w, https:\/\/www.integraion.hu\/wp-content\/uploads\/2025\/07\/Ai-kez-300x300.webp 300w, https:\/\/www.integraion.hu\/wp-content\/uploads\/2025\/07\/Ai-kez-150x150.webp 150w, https:\/\/www.integraion.hu\/wp-content\/uploads\/2025\/07\/Ai-kez-768x768.webp 768w\" sizes=\"(max-width: 1024px) 100vw, 1024px\" \/><\/figure><\/div>\n<\/div>\n\n\n\n<div class=\"wp-block-group alignfull has-ast-global-color-4-background-color has-background has-medium-font-size is-layout-constrained wp-container-core-group-is-layout-a3c3a5f4 wp-block-group-is-layout-constrained\" style=\"min-height:0px\">\n<h3 class=\"wp-block-heading has-text-align-center\" style=\"padding-top:0;padding-bottom:0;font-size:35px\">Az AI mindenki sz\u00e1m\u00e1ra el\u00e9rhet\u0151v\u00e9 v\u00e1lt<\/h3>\n\n\n\n<p class=\"has-text-align-center\" style=\"font-size:22px;line-height:1.8\">A mesters\u00e9ges intelligencia m\u00e1r nem t\u00e1voli j\u00f6v\u0151 \u00e9s a tech \u00f3ri\u00e1sok kiv\u00e1lts\u00e1ga. <br>Egyszer\u0171en bevezethet\u0151, k\u00f6nnyen testre szabhat\u00f3 \u00e9s azonnal \u00e9rezhet\u0151 fejl\u0151d\u00e9st hoz az \u00fczleti m\u0171k\u00f6d\u00e9sbe.<\/p>\n<\/div>\n\n\n\n<hr class=\"wp-block-separator has-text-color has-ast-global-color-3-color has-alpha-channel-opacity has-ast-global-color-3-background-color has-background is-style-wide\"\/>\n\n\n\n<h2 class=\"wp-block-heading has-text-align-center\" id=\"megoldasaink\" style=\"padding-top:var(--wp--preset--spacing--80);padding-bottom:var(--wp--preset--spacing--60);font-size:38px\">\n  Megold\u00e1saink:\n<\/h2>\n\n\n\n<div class=\"wp-block-group hide-on-mobile is-layout-grid wp-container-core-group-is-layout-969681cb wp-block-group-is-layout-grid\" style=\"margin-top:var(--wp--preset--spacing--40);margin-bottom:var(--wp--preset--spacing--40);padding-top:0;padding-right:0;padding-bottom:0;padding-left:0\">\n<h4 class=\"wp-block-heading has-text-align-center\" style=\"padding-bottom:var(--wp--preset--spacing--40);font-size:28px\">AI integr\u00e1ci\u00f3<\/h4>\n\n\n\n<h4 class=\"wp-block-heading has-text-align-center\" style=\"padding-bottom:var(--wp--preset--spacing--40);font-size:28px\">Folyamat automatiz\u00e1ci\u00f3<\/h4>\n\n\n\n<h4 class=\"wp-block-heading has-text-align-center\" style=\"padding-bottom:var(--wp--preset--spacing--40);font-size:28px\">Folyamat optimaliz\u00e1ci\u00f3<\/h4>\n<\/div>\n\n\n\n<div class=\"wp-block-group hide-on-mobile is-layout-grid wp-container-core-group-is-layout-540d4b8c wp-block-group-is-layout-grid\" style=\"margin-top:0;margin-bottom:var(--wp--preset--spacing--80);padding-top:0;padding-right:0;padding-bottom:0;padding-left:0\">\n<p class=\"has-text-align-center wp-container-content-2155ee95\" style=\"padding-right:var(--wp--preset--spacing--30);padding-left:var(--wp--preset--spacing--30);font-size:22px\">A mesters\u00e9ges intelligencia seg\u00edts\u00e9g\u00e9vel minimaliz\u00e1ljuk, vagy teljes eg\u00e9sz\u00e9ben AI alapokra helyezz\u00fck az adminisztr\u00e1ci\u00f3s feladatokat.<\/p>\n\n\n\n<p class=\"has-text-align-center wp-container-content-2155ee95\" style=\"border-right-color:var(--wp--preset--color--ast-global-color-3);border-left-color:var(--wp--preset--color--ast-global-color-3);padding-right:var(--wp--preset--spacing--40);padding-left:var(--wp--preset--spacing--40);font-size:22px\">\u00d6sszehangoljuk a v\u00e1llalatir\u00e1ny\u00edt\u00e1si rendszereket, egy egys\u00e9ges platformon automatiz\u00e1lva az ism\u00e9tl\u0151d\u0151 feladatokat.<\/p>\n\n\n\n<p class=\"has-text-align-center\" style=\"padding-right:var(--wp--preset--spacing--40);padding-left:var(--wp--preset--spacing--40);font-size:22px\">Felt\u00e9rk\u00e9pezz\u00fck \u00e9s \u00fajratervezz\u00fck a megl\u00e9v\u0151 m\u0171k\u00f6d\u00e9st, hogy azok egyszer\u0171bb\u00e9, gyorsabb\u00e1 \u00e9s hat\u00e9konyabb\u00e1 v\u00e1ljanak.<\/p>\n<\/div>\n\n\n\n<h4 class=\"wp-block-heading has-text-align-center hide-on-desktop\" style=\"padding-bottom:0;font-size:28px\">AI integr\u00e1ci\u00f3<\/h4>\n\n\n\n<p class=\"has-text-align-center hide-on-desktop\" style=\"margin-top:0;margin-right:0;margin-bottom:var(--wp--preset--spacing--80);margin-left:0;font-size:22px\">A mesters\u00e9ges intelligencia seg\u00edts\u00e9g\u00e9vel minimaliz\u00e1ljuk, vagy teljes eg\u00e9sz\u00e9ben AI alapokra helyezz\u00fck az adminisztr\u00e1ci\u00f3s feladatokat.<\/p>\n\n\n\n<h4 class=\"wp-block-heading has-text-align-center hide-on-desktop\" style=\"padding-bottom:0;font-size:28px\">Folyamat automatiz\u00e1ci\u00f3<\/h4>\n\n\n\n<p class=\"has-text-align-center hide-on-desktop\" style=\"margin-top:0;margin-right:0;margin-bottom:var(--wp--preset--spacing--80);margin-left:0;font-size:22px\">\u00d6sszehangoljuk a v\u00e1llalatir\u00e1ny\u00edt\u00e1si rendszereket, egy egys\u00e9ges platformon automatiz\u00e1lva az ism\u00e9tl\u0151d\u0151 feladatokat.<\/p>\n\n\n\n<h4 class=\"wp-block-heading has-text-align-center hide-on-desktop\" style=\"padding-bottom:0;font-size:28px\">Folyamat optimaliz\u00e1ci\u00f3<\/h4>\n\n\n\n<p class=\"has-text-align-center hide-on-desktop\" style=\"margin-top:0;margin-right:0;margin-bottom:var(--wp--preset--spacing--80);margin-left:0;font-size:22px\">Felt\u00e9rk\u00e9pezz\u00fck \u00e9s \u00fajratervezz\u00fck a megl\u00e9v\u0151 m\u0171k\u00f6d\u00e9st, hogy azok egyszer\u0171bb\u00e9, gyorsabb\u00e1 \u00e9s hat\u00e9konyabb\u00e1 v\u00e1ljanak.<\/p>\n\n\n\n<div class=\"wp-block-group alignfull has-background is-layout-constrained wp-container-core-group-is-layout-c60545bc wp-block-group-is-layout-constrained\" id=\"contact\" style=\"border-top-color:var(--wp--preset--color--ast-global-color-3);border-top-width:6px;background:linear-gradient(35deg,rgb(6,0,151) 0%,rgb(130,4,255) 64%,rgb(193,15,255) 98%);margin-bottom:0;padding-top:21px;padding-bottom:var(--wp--preset--spacing--80)\">\n<h3 class=\"wp-block-heading has-text-align-center has-text-color\" id=\"kapcsolat\" style=\"color:#ffffff;padding-top:var(--wp--preset--spacing--30);padding-bottom:var(--wp--preset--spacing--60);font-size:35px\">Felkeltett\u00fck az<br>\u00e9rdekl\u0151d\u00e9sed?<\/h3>\n\n\n\n<div class=\"forminator-guttenberg\"><div class=\"forminator-ui forminator-custom-form forminator-custom-form-103 forminator-design--basic  forminator_ajax\" data-forminator-render=\"0\" data-form=\"forminator-module-103\" data-uid=\"69fea1c22b2c2\"><br\/><\/div><form\n\t\t\t\tid=\"forminator-module-103\"\n\t\t\t\tclass=\"forminator-ui forminator-custom-form forminator-custom-form-103 forminator-design--basic  forminator_ajax\"\n\t\t\t\tmethod=\"post\"\n\t\t\t\tdata-forminator-render=\"0\"\n\t\t\t\tdata-form-id=\"103\"\n\t\t\t\t data-color-option=\"theme\" data-design=\"basic\" data-grid=\"open\" style=\"display: none;\"\n\t\t\t\tdata-uid=\"69fea1c22b2c2\"\n\t\t\t><div role=\"alert\" aria-live=\"polite\" class=\"forminator-response-message forminator-error\" aria-hidden=\"true\"><\/div><div class=\"forminator-row\"><div id=\"name-1\" class=\"forminator-field-name forminator-col forminator-col-12 \"><div class=\"forminator-field\"><label for=\"forminator-field-name-1_69fea1c22b2c2\" id=\"forminator-field-name-1_69fea1c22b2c2-label\" class=\"forminator-label\">N\u00e9v<\/label><input type=\"text\" name=\"name-1\" value=\"\" placeholder=\"\" id=\"forminator-field-name-1_69fea1c22b2c2\" class=\"forminator-input forminator-name--field\" aria-required=\"false\" autocomplete=\"name\" \/><\/div><\/div><\/div><div class=\"forminator-row\"><div id=\"email-1\" class=\"forminator-field-email forminator-col forminator-col-12 \"><div class=\"forminator-field\"><label for=\"forminator-field-email-1_69fea1c22b2c2\" id=\"forminator-field-email-1_69fea1c22b2c2-label\" class=\"forminator-label\">Email<\/label><input type=\"email\" name=\"email-1\" value=\"\" placeholder=\"example@domain.com\" id=\"forminator-field-email-1_69fea1c22b2c2\" class=\"forminator-input forminator-email--field\" data-required=\"\" aria-required=\"false\" autocomplete=\"email\" \/><\/div><\/div><\/div><div class=\"forminator-row\"><div id=\"phone-1\" class=\"forminator-field-phone forminator-col forminator-col-12 \"><div class=\"forminator-field\"><label for=\"forminator-field-phone-1_69fea1c22b2c2\" id=\"forminator-field-phone-1_69fea1c22b2c2-label\" class=\"forminator-label\">Telefonsz\u00e1m<\/label><input type=\"text\" name=\"phone-1\" value=\"\" placeholder=\"+361234567\" id=\"forminator-field-phone-1_69fea1c22b2c2\" class=\"forminator-input forminator-field--phone\" data-required=\"\" aria-required=\"false\" autocomplete=\"off\" \/><\/div><\/div><\/div><div class=\"forminator-row\"><div id=\"textarea-1\" class=\"forminator-field-textarea forminator-col forminator-col-12 \"><div class=\"forminator-field\"><label for=\"forminator-field-textarea-1_69fea1c22b2c2\" id=\"forminator-field-textarea-1_69fea1c22b2c2-label\" class=\"forminator-label\">\u00dczenet<\/label><span id=\"forminator-field-textarea-1_69fea1c22b2c2-description\" class=\"forminator-description\"><span data-limit=\"180\" data-type=\"characters\" data-editor=\"\">0 \/ 180<\/span><\/span><textarea name=\"textarea-1\" placeholder=\"\" id=\"forminator-field-textarea-1_69fea1c22b2c2\" class=\"forminator-textarea\" rows=\"6\" style=\"--forminator-textarea-min-height:140px;\" maxlength=\"180\" ><\/textarea><\/div><\/div><\/div><input type=\"hidden\" name=\"referer_url\" value=\"\" \/><div class=\"forminator-row forminator-row-last\"><div class=\"forminator-col\"><div class=\"forminator-field\"><button class=\"forminator-button forminator-button-submit\">K&uuml;ld&eacute;s<\/button><\/div><\/div><\/div><input type=\"hidden\" id=\"forminator_nonce\" name=\"forminator_nonce\" value=\"c789611e81\" \/><input type=\"hidden\" name=\"_wp_http_referer\" value=\"\/index.php?rest_route=%2Fwp%2Fv2%2Fpages%2F7\" \/><input type=\"hidden\" name=\"form_id\" value=\"103\"><input type=\"hidden\" name=\"page_id\" value=\"7\"><input type=\"hidden\" name=\"form_type\" value=\"default\"><input type=\"hidden\" name=\"current_url\" value=\"https:\/\/www.integraion.hu\/\"><input type=\"hidden\" name=\"render_id\" value=\"0\"><input type=\"hidden\" name=\"action\" value=\"forminator_submit_form_custom-forms\"><\/form><\/div>\n<\/div>\n\n\n\n<p><\/p>\n","protected":false},"excerpt":{"rendered":"<p>Mivel Foglalkozunk? Mesters\u00e9ges intelligenci\u00e1val t\u00e1mogatott megold\u00e1sokat hozunk l\u00e9tre, amik gyorsabb\u00e1 \u00e9s hat\u00e9konyabb\u00e1 teszik a mindennapi m\u0171k\u00f6d\u00e9st. Elemezz\u00fck a v\u00e1llalati folyamatokat [&hellip;]<\/p>\n","protected":false},"author":1,"featured_media":0,"parent":0,"menu_order":0,"comment_status":"closed","ping_status":"closed","template":"","meta":{"site-sidebar-layout":"no-sidebar","site-content-layout":"plain-container","ast-site-content-layout":"default","site-content-style":"default","site-sidebar-style":"default","ast-global-header-display":"","ast-banner-title-visibility":"","ast-main-header-display":"","ast-hfb-above-header-display":"","ast-hfb-below-header-display":"","ast-hfb-mobile-header-display":"","site-post-title":"disabled","ast-breadcrumbs-content":"","ast-featured-img":"","footer-sml-layout":"","theme-transparent-header-meta":"enabled","adv-header-id-meta":"","stick-header-meta":"","header-above-stick-meta":"","header-main-stick-meta":"","header-below-stick-meta":"","astra-migrate-meta-layouts":"default","ast-page-background-enabled":"default","ast-page-background-meta":{"desktop":{"background-color":"var(--ast-global-color-5)","background-image":"","background-repeat":"repeat","background-position":"center center","background-size":"auto","background-attachment":"scroll","background-type":"","background-media":"","overlay-type":"","overlay-color":"","overlay-opacity":"","overlay-gradient":""},"tablet":{"background-color":"","background-image":"","background-repeat":"repeat","background-position":"center center","background-size":"auto","background-attachment":"scroll","background-type":"","background-media":"","overlay-type":"","overlay-color":"","overlay-opacity":"","overlay-gradient":""},"mobile":{"background-color":"","background-image":"","background-repeat":"repeat","background-position":"center center","background-size":"auto","background-attachment":"scroll","background-type":"","background-media":"","overlay-type":"","overlay-color":"","overlay-opacity":"","overlay-gradient":""}},"ast-content-background-meta":{"desktop":{"background-color":"var(--ast-global-color-4)","background-image":"","background-repeat":"repeat","background-position":"center center","background-size":"auto","background-attachment":"scroll","background-type":"","background-media":"","overlay-type":"","overlay-color":"","overlay-opacity":"","overlay-gradient":""},"tablet":{"background-color":"var(--ast-global-color-4)","background-image":"","background-repeat":"repeat","background-position":"center center","background-size":"auto","background-attachment":"scroll","background-type":"","background-media":"","overlay-type":"","overlay-color":"","overlay-opacity":"","overlay-gradient":""},"mobile":{"background-color":"var(--ast-global-color-4)","background-image":"","background-repeat":"repeat","background-position":"center center","background-size":"auto","background-attachment":"scroll","background-type":"","background-media":"","overlay-type":"","overlay-color":"","overlay-opacity":"","overlay-gradient":""}},"footnotes":""},"class_list":["post-7","page","type-page","status-publish","hentry"],"_links":{"self":[{"href":"https:\/\/www.integraion.hu\/index.php?rest_route=\/wp\/v2\/pages\/7","targetHints":{"allow":["GET"]}}],"collection":[{"href":"https:\/\/www.integraion.hu\/index.php?rest_route=\/wp\/v2\/pages"}],"about":[{"href":"https:\/\/www.integraion.hu\/index.php?rest_route=\/wp\/v2\/types\/page"}],"author":[{"embeddable":true,"href":"https:\/\/www.integraion.hu\/index.php?rest_route=\/wp\/v2\/users\/1"}],"replies":[{"embeddable":true,"href":"https:\/\/www.integraion.hu\/index.php?rest_route=%2Fwp%2Fv2%2Fcomments&post=7"}],"version-history":[{"count":62,"href":"https:\/\/www.integraion.hu\/index.php?rest_route=\/wp\/v2\/pages\/7\/revisions"}],"predecessor-version":[{"id":185,"href":"https:\/\/www.integraion.hu\/index.php?rest_route=\/wp\/v2\/pages\/7\/revisions\/185"}],"wp:attachment":[{"href":"https:\/\/www.integraion.hu\/index.php?rest_route=%2Fwp%2Fv2%2Fmedia&parent=7"}],"curies":[{"name":"wp","href":"https:\/\/api.w.org\/{rel}","templated":true}]}}